{"id":100,"date":"2025-07-27T21:55:40","date_gmt":"2025-07-27T19:55:40","guid":{"rendered":"https:\/\/www.live-sh.de\/?page_id=100"},"modified":"2025-07-27T21:55:40","modified_gmt":"2025-07-27T19:55:40","slug":"mitgliedsantrag","status":"publish","type":"page","link":"https:\/\/www.live-sh.de\/?page_id=100","title":{"rendered":"Mitgliedsantrag"},"content":{"rendered":"<div class=\"wpforms-container wpforms-container-full wpforms-block wpforms-block-aa1026bb-161b-45ba-82c1-c66a948d3260 wpforms-render-modern\" id=\"wpforms-95\"><form id=\"wpforms-form-95\" class=\"wpforms-validate wpforms-form wpforms-ajax-form\" data-formid=\"95\" method=\"post\" enctype=\"multipart\/form-data\" action=\"\/index.php?rest_route=%2Fwp%2Fv2%2Fpages%2F100\" data-token=\"e0a4555f4699a0468ef8dfd376f711c0\" data-token-time=\"1777616258\"><noscript class=\"wpforms-error-noscript\">Bitte aktiviere JavaScript in deinem Browser, um dieses Formular fertigzustellen.<\/noscript><div id=\"wpforms-error-noscript\" style=\"display: none;\">Bitte aktiviere JavaScript in deinem Browser, um dieses Formular fertigzustellen.<\/div><div class=\"wpforms-field-container\"><div id=\"wpforms-95-field_1-container\" class=\"wpforms-field wpforms-field-text\" data-field-id=\"1\"><label class=\"wpforms-field-label\" for=\"wpforms-95-field_1\">Hiermit beantrage ich meine Aufnahme in den Verein Liveszene Schleswig-Holstein e.V. <span class=\"wpforms-required-label\" aria-hidden=\"true\">*<\/span><\/label><input type=\"text\" id=\"wpforms-95-field_1\" class=\"wpforms-field-medium wpforms-field-required\" name=\"wpforms[fields][1]\" aria-errormessage=\"wpforms-95-field_1-error\" aria-describedby=\"wpforms-95-field_1-description\" required><div id=\"wpforms-95-field_1-description\" class=\"wpforms-field-description\">Name, Vorname<\/div><\/div>\t\t<div id=\"wpforms-95-field_5-container\"\n\t\t\tclass=\"wpforms-field wpforms-field-text\"\n\t\t\tdata-field-type=\"text\"\n\t\t\tdata-field-id=\"5\"\n\t\t\t>\n\t\t\t<label class=\"wpforms-field-label\" for=\"wpforms-95-field_5\" >E-Mail-Adresse und Firma<\/label>\n\t\t\t<input type=\"text\" id=\"wpforms-95-field_5\" class=\"wpforms-field-medium\" name=\"wpforms[fields][5]\" >\n\t\t<\/div>\n\t\t<div id=\"wpforms-95-field_2-container\" class=\"wpforms-field wpforms-field-text\" data-field-id=\"2\"><label class=\"wpforms-field-label\" for=\"wpforms-95-field_2\">Firma<\/label><input type=\"text\" id=\"wpforms-95-field_2\" class=\"wpforms-field-medium\" name=\"wpforms[fields][2]\" aria-errormessage=\"wpforms-95-field_2-error\" ><\/div><div id=\"wpforms-95-field_3-container\" class=\"wpforms-field wpforms-field-text\" data-field-id=\"3\"><label class=\"wpforms-field-label\" for=\"wpforms-95-field_3\">Adresse <span class=\"wpforms-required-label\" aria-hidden=\"true\">*<\/span><\/label><input type=\"text\" id=\"wpforms-95-field_3\" class=\"wpforms-field-medium wpforms-field-required\" name=\"wpforms[fields][3]\" aria-errormessage=\"wpforms-95-field_3-error\" required><\/div><div id=\"wpforms-95-field_4-container\" class=\"wpforms-field wpforms-field-text\" data-field-id=\"4\"><label class=\"wpforms-field-label\" for=\"wpforms-95-field_4\">Geburtsdatum<\/label><input type=\"text\" id=\"wpforms-95-field_4\" class=\"wpforms-field-medium\" name=\"wpforms[fields][4]\" aria-errormessage=\"wpforms-95-field_4-error\" ><\/div><div id=\"wpforms-95-field_7-container\" class=\"wpforms-field wpforms-field-email\" data-field-id=\"7\"><label class=\"wpforms-field-label\" for=\"wpforms-95-field_7\">E-Mail-Adresse <span class=\"wpforms-required-label\" aria-hidden=\"true\">*<\/span><\/label><input type=\"email\" id=\"wpforms-95-field_7\" class=\"wpforms-field-medium wpforms-field-required\" name=\"wpforms[fields][7]\" spellcheck=\"false\" aria-errormessage=\"wpforms-95-field_7-error\" required><\/div><div id=\"wpforms-95-field_8-container\" class=\"wpforms-field wpforms-field-number\" data-field-id=\"8\"><label class=\"wpforms-field-label\" for=\"wpforms-95-field_8\">Telefonnummer<\/label><input type=\"number\" id=\"wpforms-95-field_8\" class=\"wpforms-field-medium\" name=\"wpforms[fields][8]\" step=\"any\" aria-errormessage=\"wpforms-95-field_8-error\" ><\/div><div id=\"wpforms-95-field_10-container\" class=\"wpforms-field wpforms-field-checkbox\" data-field-id=\"10\"><fieldset><legend class=\"wpforms-field-label\">Ich beantrage die ordentliche Mitgliedschaft als:<\/legend><ul id=\"wpforms-95-field_10\"><li class=\"choice-1 depth-1\"><input type=\"checkbox\" id=\"wpforms-95-field_10_1\" name=\"wpforms[fields][10][]\" value=\"Eingetragener oder nicht eingetragener Verein, der durch  seine T\u00e4tigkeiten die Livekultur in Schleswig-Holstein f\u00f6rdert\" aria-errormessage=\"wpforms-95-field_10_1-error\" aria-describedby=\"wpforms-95-field_10-description\"  ><label class=\"wpforms-field-label-inline\" for=\"wpforms-95-field_10_1\">Eingetragener oder nicht eingetragener Verein, der durch  seine T\u00e4tigkeiten die Livekultur in Schleswig-Holstein f\u00f6rdert<\/label><\/li><li class=\"choice-2 depth-1\"><input type=\"checkbox\" id=\"wpforms-95-field_10_2\" name=\"wpforms[fields][10][]\" value=\"Institution, Kommune, Firma, Agentur, Veranstalter:in oder Plattenfirma, die durch ihre Ta\u0308tigkeit die Livekultur in Schleswig-Holstein f\u00f6rdert\" aria-errormessage=\"wpforms-95-field_10_2-error\" aria-describedby=\"wpforms-95-field_10-description\"  ><label class=\"wpforms-field-label-inline\" for=\"wpforms-95-field_10_2\">Institution, Kommune, Firma, Agentur, Veranstalter:in oder Plattenfirma, die durch ihre Ta\u0308tigkeit die Livekultur in Schleswig-Holstein f\u00f6rdert<\/label><\/li><li class=\"choice-3 depth-1\"><input type=\"checkbox\" id=\"wpforms-95-field_10_3\" name=\"wpforms[fields][10][]\" value=\"Personenvereinigung oder Einzel-Unternehmer:in mit Gesch\u00e4ftssitz in Schleswig-Holstein, die als Livemusikschaffende agiert\" aria-errormessage=\"wpforms-95-field_10_3-error\" aria-describedby=\"wpforms-95-field_10-description\"  ><label class=\"wpforms-field-label-inline\" for=\"wpforms-95-field_10_3\">Personenvereinigung oder Einzel-Unternehmer:in mit Gesch\u00e4ftssitz in Schleswig-Holstein, die als Livemusikschaffende agiert<\/label><\/li><\/ul><div id=\"wpforms-95-field_10-description\" class=\"wpforms-field-description\">Der Mindestbeitrag f\u00fcr veranstaltende Mitglieder (Spielst\u00e4tten, Festivals, freie Veranstalter:innen), welche entsprechend ihrer T\u00e4tigkeit auch im Bundesverband der LiveKomm als Mitglied gemeldet werden, sowie f\u00fcr alle Mitglieder die nicht selber veranstalten und keine Livemuiskschaffenden sind betr\u00e4gt: 240\u20ac (20\u20ac im Monat). Der Mindestbeitrag f\u00fcr Livemusikschaffende (Einzelunternehmer:innen, Personenvereinigungen) betr\u00e4gt: 120\u20ac (10\u20ac im Monat). Der Jahresbeitrag wird durch die Rechnungsstellung zum 01. Oktober jeweils zu Beginn des kommenden Monats f\u00e4llig und per Bankeinzug abgebucht.<\/div><\/fieldset><\/div><div id=\"wpforms-95-field_12-container\" class=\"wpforms-field wpforms-field-checkbox\" data-field-id=\"12\"><fieldset><legend class=\"wpforms-field-label\">Ich beantrage die Mitgliedschaft als:<\/legend><ul id=\"wpforms-95-field_12\"><li class=\"choice-1 depth-1\"><input type=\"checkbox\" id=\"wpforms-95-field_12_1\" name=\"wpforms[fields][12][]\" value=\"F\u00f6rdermitglied\" aria-errormessage=\"wpforms-95-field_12_1-error\" aria-describedby=\"wpforms-95-field_12-description\"  ><label class=\"wpforms-field-label-inline\" for=\"wpforms-95-field_12_1\">F\u00f6rdermitglied<\/label><\/li><\/ul><div id=\"wpforms-95-field_12-description\" class=\"wpforms-field-description\">Der Mindestbeitrag f\u00fcr F\u00f6rdermitglieder betr\u00e4gt: 120\u20ac (10\u20ac im Monat). Wenn sie durch ihre Mitgliedschaft die Arbeit des Vereins unterstu\u0308tzen wollen. Die Fo\u0308rdermitgliedschaft berechtigt zur Teilnahme an der Mitgliederversammlung. Fo\u0308rdermitglieder haben bei Wahlen und Abstimmungen kein Stimmrecht. Fo\u0308rdermitglieder sind entsprechend der Beitragsordnung beitragspflichtig.<\/div><\/fieldset><\/div><div id=\"wpforms-95-field_16-container\" class=\"wpforms-field wpforms-field-checkbox\" data-field-id=\"16\"><fieldset><legend class=\"wpforms-field-label\">SEPA-LASTSCHRIFTMANDAT &#8211; Gl\u00e4ubiger-Identifikationsnummer: DE89ZZZ00002882080<\/legend><ul id=\"wpforms-95-field_16\"><li class=\"choice-1 depth-1\"><input type=\"checkbox\" id=\"wpforms-95-field_16_1\" name=\"wpforms[fields][16][]\" value=\"Ich erm\u00e4chtige Liveszene Schleswig-Holstein e.V. (Zahlungsempf\u00e4nger), Zahlungen von  meinem Konto mittels SEPA-Lastschrift einzuziehen.  Zugleich weise ich mein Kreditinstitut an,  die vom Zahlungsempf\u00e4nger auf mein Konto  gezogenen SEPA-Lastschriften einzul\u00f6sen. Hinweis: Ich kann innerhalb von acht Wochen,  beginnend mit dem Belastungsdatum, die Erstattung des  belasteten Betrages verlangen. Es gelten dabei die mit  meinem Kreditinstitut vereinbarten Bedingungen. DIE MANDATSREFERENZ ERGIBT SICH AUS DER MITGLIEDSNUMMER UND WIRD SEPARAT MITGETEILT.\" aria-errormessage=\"wpforms-95-field_16_1-error\"  ><label class=\"wpforms-field-label-inline\" for=\"wpforms-95-field_16_1\">Ich erm\u00e4chtige Liveszene Schleswig-Holstein e.V. (Zahlungsempf\u00e4nger), Zahlungen von  meinem Konto mittels SEPA-Lastschrift einzuziehen.  Zugleich weise ich mein Kreditinstitut an,  die vom Zahlungsempf\u00e4nger auf mein Konto  gezogenen SEPA-Lastschriften einzul\u00f6sen. Hinweis: Ich kann innerhalb von acht Wochen,  beginnend mit dem Belastungsdatum, die Erstattung des  belasteten Betrages verlangen. Es gelten dabei die mit  meinem Kreditinstitut vereinbarten Bedingungen. DIE MANDATSREFERENZ ERGIBT SICH AUS DER MITGLIEDSNUMMER UND WIRD SEPARAT MITGETEILT.<\/label><\/li><\/ul><\/fieldset><\/div><div id=\"wpforms-95-field_17-container\" class=\"wpforms-field wpforms-field-name\" data-field-id=\"17\"><fieldset><legend class=\"wpforms-field-label\">Kontoinhaber <span class=\"wpforms-required-label\" aria-hidden=\"true\">*<\/span><\/legend><div class=\"wpforms-field-row wpforms-field-medium\"><div class=\"wpforms-field-row-block wpforms-first wpforms-one-half\"><input type=\"text\" id=\"wpforms-95-field_17\" class=\"wpforms-field-name-first wpforms-field-required\" name=\"wpforms[fields][17][first]\" aria-errormessage=\"wpforms-95-field_17-error\" required><label for=\"wpforms-95-field_17\" class=\"wpforms-field-sublabel after\">Vorname<\/label><\/div><div class=\"wpforms-field-row-block wpforms-one-half\"><input type=\"text\" id=\"wpforms-95-field_17-last\" class=\"wpforms-field-name-last wpforms-field-required\" name=\"wpforms[fields][17][last]\" aria-errormessage=\"wpforms-95-field_17-last-error\" required><label for=\"wpforms-95-field_17-last\" class=\"wpforms-field-sublabel after\">Nachname<\/label><\/div><\/div><\/fieldset><\/div><div id=\"wpforms-95-field_26-container\" class=\"wpforms-field wpforms-field-text\" data-field-id=\"26\"><label class=\"wpforms-field-label\" for=\"wpforms-95-field_26\">Stra\u00dfe und Hausnummer <span class=\"wpforms-required-label\" aria-hidden=\"true\">*<\/span><\/label><input type=\"text\" id=\"wpforms-95-field_26\" class=\"wpforms-field-medium wpforms-field-required\" name=\"wpforms[fields][26]\" aria-errormessage=\"wpforms-95-field_26-error\" required><\/div><div id=\"wpforms-95-field_27-container\" class=\"wpforms-field wpforms-field-text\" data-field-id=\"27\"><label class=\"wpforms-field-label\" for=\"wpforms-95-field_27\">PLZ und Ort <span class=\"wpforms-required-label\" aria-hidden=\"true\">*<\/span><\/label><input type=\"text\" id=\"wpforms-95-field_27\" class=\"wpforms-field-medium wpforms-field-required\" name=\"wpforms[fields][27]\" aria-errormessage=\"wpforms-95-field_27-error\" required><\/div><div id=\"wpforms-95-field_25-container\" class=\"wpforms-field wpforms-field-text\" data-field-id=\"25\"><label class=\"wpforms-field-label\" for=\"wpforms-95-field_25\">IBAN <span class=\"wpforms-required-label\" aria-hidden=\"true\">*<\/span><\/label><input type=\"text\" id=\"wpforms-95-field_25\" class=\"wpforms-field-medium wpforms-field-required\" name=\"wpforms[fields][25]\" placeholder=\"DE00 0000 0000 0000 0000 00\" aria-errormessage=\"wpforms-95-field_25-error\" aria-describedby=\"wpforms-95-field_25-description\" required><div id=\"wpforms-95-field_25-description\" class=\"wpforms-field-description\">Bitte kein Sparkonto angeben<\/div><\/div><div id=\"wpforms-95-field_22-container\" class=\"wpforms-field wpforms-field-text\" data-field-id=\"22\"><label class=\"wpforms-field-label\" for=\"wpforms-95-field_22\">Name der Bank <span class=\"wpforms-required-label\" aria-hidden=\"true\">*<\/span><\/label><input type=\"text\" id=\"wpforms-95-field_22\" class=\"wpforms-field-medium wpforms-field-required\" name=\"wpforms[fields][22]\" aria-errormessage=\"wpforms-95-field_22-error\" aria-describedby=\"wpforms-95-field_22-description\" required><div id=\"wpforms-95-field_22-description\" class=\"wpforms-field-description\">Hinweis: Meine Rechte zu dem obigen Mandat sind in einem Merkblatt\nenthalten, das ich von meinem Kreditinstitut erhalten kann.<\/div><\/div><div id=\"wpforms-95-field_23-container\" class=\"wpforms-field wpforms-field-text\" data-field-id=\"23\"><label class=\"wpforms-field-label\" for=\"wpforms-95-field_23\">Ort, Datum <span class=\"wpforms-required-label\" aria-hidden=\"true\">*<\/span><\/label><input type=\"text\" id=\"wpforms-95-field_23\" class=\"wpforms-field-medium wpforms-field-required\" name=\"wpforms[fields][23]\" aria-errormessage=\"wpforms-95-field_23-error\" required><\/div><div id=\"wpforms-95-field_24-container\" class=\"wpforms-field wpforms-field-checkbox\" data-field-id=\"24\"><fieldset><legend class=\"wpforms-field-label\">Checkboxen <span class=\"wpforms-required-label\" aria-hidden=\"true\">*<\/span><\/legend><ul id=\"wpforms-95-field_24\" class=\"wpforms-field-required\"><li class=\"choice-1 depth-1\"><input type=\"checkbox\" id=\"wpforms-95-field_24_1\" name=\"wpforms[fields][24][]\" value=\"Mit dem Absenden des Mitgliedsantrags und SEPA-Lastschriftmandats stimme ich der Verarbeitung meiner personenbezogener Daten zu. (Weitere Informationen siehe unsere Datenschutzerkl\u00e4rung)\" aria-errormessage=\"wpforms-95-field_24_1-error\" required ><label class=\"wpforms-field-label-inline\" for=\"wpforms-95-field_24_1\">Mit dem Absenden des Mitgliedsantrags und SEPA-Lastschriftmandats stimme ich der Verarbeitung meiner personenbezogener Daten zu. (Weitere Informationen siehe unsere Datenschutzerkl\u00e4rung)<\/label><\/li><\/ul><\/fieldset><\/div><script>\n\t\t\t\t( function() {\n\t\t\t\t\tconst style = document.createElement( 'style' );\n\t\t\t\t\tstyle.appendChild( document.createTextNode( '#wpforms-95-field_5-container { position: absolute !important; overflow: hidden !important; display: inline !important; height: 1px !important; width: 1px !important; z-index: -1000 !important; padding: 0 !important; } #wpforms-95-field_5-container input { visibility: hidden; } #wpforms-conversational-form-page #wpforms-95-field_5-container label { counter-increment: none; }' ) );\n\t\t\t\t\tdocument.head.appendChild( style );\n\t\t\t\t\tdocument.currentScript?.remove();\n\t\t\t\t} )();\n\t\t\t<\/script><\/div><!-- .wpforms-field-container --><div class=\"wpforms-submit-container\" ><input type=\"hidden\" name=\"wpforms[id]\" value=\"95\"><input type=\"hidden\" name=\"page_title\" value=\"\"><input type=\"hidden\" name=\"page_url\" value=\"https:\/\/www.live-sh.de\/index.php?rest_route=\/wp\/v2\/pages\/100\"><input type=\"hidden\" name=\"url_referer\" value=\"\"><button type=\"submit\" name=\"wpforms[submit]\" id=\"wpforms-submit-95\" class=\"wpforms-submit\" data-alt-text=\"Wird gesendet\u00a0\u2026\" data-submit-text=\"Absenden\" aria-live=\"assertive\" value=\"wpforms-submit\">Absenden<\/button><img loading=\"lazy\" decoding=\"async\" src=\"https:\/\/www.live-sh.de\/wp-content\/plugins\/wpforms-lite\/assets\/images\/submit-spin.svg\" class=\"wpforms-submit-spinner\" style=\"display: none;\" width=\"26\" height=\"26\" alt=\"Wird geladen\"><\/div><\/form><\/div>  <!-- .wpforms-container -->","protected":false},"excerpt":{"rendered":"","protected":false},"author":2,"featured_media":0,"parent":0,"menu_order":0,"comment_status":"closed","ping_status":"closed","template":"","meta":{"footnotes":""},"class_list":["post-100","page","type-page","status-publish","hentry"],"_links":{"self":[{"href":"https:\/\/www.live-sh.de\/index.php?rest_route=\/wp\/v2\/pages\/100","targetHints":{"allow":["GET"]}}],"collection":[{"href":"https:\/\/www.live-sh.de\/index.php?rest_route=\/wp\/v2\/pages"}],"about":[{"href":"https:\/\/www.live-sh.de\/index.php?rest_route=\/wp\/v2\/types\/page"}],"author":[{"embeddable":true,"href":"https:\/\/www.live-sh.de\/index.php?rest_route=\/wp\/v2\/users\/2"}],"replies":[{"embeddable":true,"href":"https:\/\/www.live-sh.de\/index.php?rest_route=%2Fwp%2Fv2%2Fcomments&post=100"}],"version-history":[{"count":1,"href":"https:\/\/www.live-sh.de\/index.php?rest_route=\/wp\/v2\/pages\/100\/revisions"}],"predecessor-version":[{"id":101,"href":"https:\/\/www.live-sh.de\/index.php?rest_route=\/wp\/v2\/pages\/100\/revisions\/101"}],"wp:attachment":[{"href":"https:\/\/www.live-sh.de\/index.php?rest_route=%2Fwp%2Fv2%2Fmedia&parent=100"}],"curies":[{"name":"wp","href":"https:\/\/api.w.org\/{rel}","templated":true}]}}